{"id":7340,"date":"2018-03-15T10:53:38","date_gmt":"2018-03-15T10:53:38","guid":{"rendered":"https:\/\/www.barcocasa.pt\/?page_id=7340"},"modified":"2024-09-13T10:51:08","modified_gmt":"2024-09-13T10:51:08","slug":"politica-de-privacidade","status":"publish","type":"page","link":"https:\/\/www.barcocasa.pt\/pt-pt\/politica-de-privacidade\/","title":{"rendered":"Pol\u00edtica de Privacidade"},"content":{"rendered":"[vc_row type=&#8221;full_width_background&#8221; full_screen_row_position=&#8221;middle&#8221; bg_image=&#8221;7118&#8243; bg_position=&#8221;center bottom&#8221; bg_repeat=&#8221;no-repeat&#8221; scene_position=&#8221;center&#8221; text_color=&#8221;light&#8221; text_align=&#8221;left&#8221; color_overlay=&#8221;#000000&#8243; overlay_strength=&#8221;0.3&#8243; shape_divider_position=&#8221;bottom&#8221; shape_type=&#8221;&#8221;][vc_column column_padding=&#8221;no-extra-padding&#8221; column_padding_position=&#8221;all&#8221; background_color_opacity=&#8221;1&#8243; background_hover_color_opacity=&#8221;1&#8243; column_shadow=&#8221;none&#8221; column_border_radius=&#8221;none&#8221; width=&#8221;1\/1&#8243; tablet_text_alignment=&#8221;default&#8221; phone_text_alignment=&#8221;default&#8221; column_border_width=&#8221;none&#8221; column_border_style=&#8221;solid&#8221;][divider line_type=&#8221;No Line&#8221; custom_height=&#8221;180&#8243;][divider line_type=&#8221;Small Line&#8221; line_thickness=&#8221;4&#8243; divider_color=&#8221;extra-color-1&#8243; animate=&#8221;yes&#8221; custom_height=&#8221;40&#8243; custom_line_width=&#8221;70&#8243; delay=&#8221;200&#8243;][vc_custom_heading text=&#8221;Pol\u00edtica de Privacidade&#8221; font_container=&#8221;tag:h4|font_size:60|text_align:left|color:%23ffffff|line_height:1.3&#8243; google_fonts=&#8221;font_family:Rancho%3Aregular|font_style:400%20regular%3A400%3Anormal&#8221; css_animation=&#8221;fadeIn&#8221; el_class=&#8221;column-highlight&#8221;][divider line_type=&#8221;No Line&#8221; custom_height=&#8221;180&#8243;][\/vc_column][\/vc_row][vc_row type=&#8221;full_width_background&#8221; full_screen_row_position=&#8221;middle&#8221; equal_height=&#8221;yes&#8221; bg_image=&#8221;6906&#8243; bg_position=&#8221;left top&#8221; bg_repeat=&#8221;no-repeat&#8221; scene_position=&#8221;center&#8221; text_color=&#8221;dark&#8221; text_align=&#8221;left&#8221; top_padding=&#8221;7%&#8221; bottom_padding=&#8221;7%&#8221; overlay_strength=&#8221;0.3&#8243; shape_divider_position=&#8221;bottom&#8221; shape_type=&#8221;&#8221;][vc_column enable_animation=&#8221;true&#8221; animation=&#8221;fade-in&#8221; column_padding=&#8221;no-extra-padding&#8221; column_padding_position=&#8221;all&#8221; background_color_opacity=&#8221;1&#8243; background_hover_color_opacity=&#8221;1&#8243; column_shadow=&#8221;none&#8221; column_border_radius=&#8221;none&#8221; width=&#8221;1\/1&#8243; tablet_text_alignment=&#8221;default&#8221; phone_text_alignment=&#8221;default&#8221; column_border_width=&#8221;none&#8221; column_border_style=&#8221;solid&#8221;][vc_row_inner column_margin=&#8221;default&#8221; text_align=&#8221;left&#8221;][vc_column_inner column_padding=&#8221;no-extra-padding&#8221; column_padding_position=&#8221;all&#8221; background_color_opacity=&#8221;1&#8243; background_hover_color_opacity=&#8221;1&#8243; column_shadow=&#8221;none&#8221; column_border_radius=&#8221;none&#8221; width=&#8221;1\/1&#8243; column_border_width=&#8221;none&#8221; column_border_style=&#8221;solid&#8221;][vc_column_text]O consumidor declara para os efeitos previstos no disposto RGPD (EU) 2016\/679 do P.E. e do conselho de 27 de Abril prestar, por este meio, o seu consentimento para o tratamento dos seus dados pessoais acima indicados, \u00e0 empresa Novidade Salgada Unipessoal, Lda, Nif 517 290 847, exclusivamente para presta\u00e7\u00f5es de servi\u00e7os e efeitos de marketing, al\u00e9m das situa\u00e7\u00f5es para cumprimento de imposi\u00e7\u00f5es legais.<\/p>\n<p><strong>SEGURAN\u00c7A<\/strong><br \/>\nQuando lhe for solicitada informa\u00e7\u00e3o do cart\u00e3o de cr\u00e9dito no acto de efectuar uma reserva atrav\u00e9s do nosso motor de reservas, esta comunica\u00e7\u00e3o \u00e9 efectuada atrav\u00e9s de linha segura SSL (Secured Sockets Layer). Poder\u00e1 verificar que est\u00e1 em modo seguro quando visualizar um icon cadeado ou chave no canto superior esquerdo do seu browser.<\/p>\n<p><strong>EMAIL<\/strong><br \/>\nSe subscrever no nosso site a nossa lista de promo\u00e7\u00f5es, receber\u00e1 por e-mail informa\u00e7\u00e3o sobre as nossas ofertas promocionais e destaques. Caso pretenda n\u00e3o receber mais Newsletters, poder\u00e1 remover o seu endere\u00e7o da nossa mailing list, clicando no link apresentado no rodap\u00e9 de cada newsletter.<\/p>\n<p><strong>COOKIES<\/strong><br \/>\nQuando visitar o nosso site, um pequeno ficheiro de texto (Cookie) \u00e9 criado e gravado no disco do seu computador. Este ficheiro ao reconhec\u00ea-lo, vai permitir-lhe uma maior facilidade e rapidez no acesso, e personaliza\u00e7\u00e3o da p\u00e1gina a n\u00edvel da sua experi\u00eancia online. Identificamos tamb\u00e9m informa\u00e7\u00e3o t\u00e9cnica do seu computador quando visita as p\u00e1ginas do nosso site, como o IP (Internet Protocol), o sistema operativo, o tipo de browser. Utilizamos esta informa\u00e7\u00e3o para melhorar a qualidade da sua visita ao nosso site, e n\u00e3o a divulgaremos a entidades externas \u00e0 Novidade Salgada Unipessoal, Lda, Nif 517 290 847. A maioria dos browsers aceita automaticamente estes ficheiros (Cookies), mas poder\u00e1 apag\u00e1-los ou definir automaticamente o seu bloqueio. No menu \u201cHelp\u201d do seu browser encontrar\u00e1 como efectuar essas configura\u00e7\u00f5es. No entanto, caso n\u00e3o permita o uso de cookies poder\u00e1 haver algumas funcionalidades que n\u00e3o conseguir\u00e1 utilizar.<\/p>\n<p><strong>INFORMA\u00c7\u00c3O PESSOAL<\/strong><br \/>\nDados de informa\u00e7\u00e3o pessoal ser-lhe-\u00e3o pedidos de forma a poder efectuar uma reserva nos Barcos Casa. A sua informa\u00e7\u00e3o pessoal ser\u00e1 usada para efectiva\u00e7\u00e3o da respectiva reserva. O seu endere\u00e7o de email pode eventualmente ser utilizado para o envio de informa\u00e7\u00f5es relativas a promo\u00e7\u00f5es atrav\u00e9s da nossa Newsletter. Os seus dados n\u00e3o ser\u00e3o transmitidos a entidades terceiras.[\/vc_column_text][\/vc_column_inner][\/vc_row_inner][divider line_type=&#8221;No Line&#8221; custom_height=&#8221;50&#8243;][\/vc_column][\/vc_row]\n","protected":false},"excerpt":{"rendered":"<p>[vc_row type=&#8221;full_width_background&#8221; full_screen_row_position=&#8221;middle&#8221; bg_image=&#8221;7118&#8243; bg_position=&#8221;center bottom&#8221; bg_repeat=&#8221;no-repeat&#8221; scene_position=&#8221;center&#8221; text_color=&#8221;light&#8221; text_align=&#8221;left&#8221; color_overlay=&#8221;#000000&#8243; overlay_strength=&#8221;0.3&#8243; shape_divider_position=&#8221;bottom&#8221; shape_type=&#8221;&#8221;][vc_column column_padding=&#8221;no-extra-padding&#8221; column_padding_position=&#8221;all&#8221; background_color_opacity=&#8221;1&#8243; background_hover_color_opacity=&#8221;1&#8243; column_shadow=&#8221;none&#8221; column_border_radius=&#8221;none&#8221; width=&#8221;1\/1&#8243; tablet_text_alignment=&#8221;default&#8221; phone_text_alignment=&#8221;default&#8221; column_border_width=&#8221;none&#8221; column_border_style=&#8221;solid&#8221;][divider line_type=&#8221;No Line&#8221; custom_height=&#8221;180&#8243;][divider line_type=&#8221;Small Line&#8221; line_thickness=&#8221;4&#8243; divider_color=&#8221;extra-color-1&#8243; animate=&#8221;yes&#8221; custom_height=&#8221;40&#8243; custom_line_width=&#8221;70&#8243; delay=&#8221;200&#8243;][vc_custom_heading text=&#8221;Pol\u00edtica de Privacidade&#8221; font_container=&#8221;tag:h4|font_size:60|text_align:left|color:%23ffffff|line_height:1.3&#8243;&#8230;<\/p>\n","protected":false},"author":1,"featured_media":0,"parent":0,"menu_order":0,"comment_status":"closed","ping_status":"closed","template":"","meta":{"footnotes":""},"class_list":["post-7340","page","type-page","status-publish"],"yoast_head":"<!-- This site is optimized with the Yoast SEO plugin v27.3 - https:\/\/yoast.com\/product\/yoast-seo-wordpress\/ -->\n<title>Pol\u00edtica de Privacidade - Barco Casa<\/title>\n<meta name=\"robots\" content=\"index, follow, max-snippet:-1, max-image-preview:large, max-video-preview:-1\" \/>\n<link rel=\"canonical\" href=\"https:\/\/www.barcocasa.pt\/pt-pt\/politica-de-privacidade\/\" \/>\n<meta property=\"og:locale\" content=\"pt_PT\" \/>\n<meta property=\"og:type\" content=\"article\" \/>\n<meta property=\"og:title\" content=\"Pol\u00edtica de Privacidade - Barco Casa\" \/>\n<meta property=\"og:description\" content=\"[vc_row type=&#8221;full_width_background&#8221; full_screen_row_position=&#8221;middle&#8221; bg_image=&#8221;7118&#8243; bg_position=&#8221;center bottom&#8221; bg_repeat=&#8221;no-repeat&#8221; scene_position=&#8221;center&#8221; text_color=&#8221;light&#8221; text_align=&#8221;left&#8221; color_overlay=&#8221;#000000&#8243; overlay_strength=&#8221;0.3&#8243; shape_divider_position=&#8221;bottom&#8221; shape_type=&#8221;&#8221;][vc_column column_padding=&#8221;no-extra-padding&#8221; column_padding_position=&#8221;all&#8221; background_color_opacity=&#8221;1&#8243; background_hover_color_opacity=&#8221;1&#8243; column_shadow=&#8221;none&#8221; column_border_radius=&#8221;none&#8221; width=&#8221;1\/1&#8243; tablet_text_alignment=&#8221;default&#8221; phone_text_alignment=&#8221;default&#8221; column_border_width=&#8221;none&#8221; column_border_style=&#8221;solid&#8221;][divider line_type=&#8221;No Line&#8221; custom_height=&#8221;180&#8243;][divider line_type=&#8221;Small Line&#8221; line_thickness=&#8221;4&#8243; divider_color=&#8221;extra-color-1&#8243; animate=&#8221;yes&#8221; custom_height=&#8221;40&#8243; custom_line_width=&#8221;70&#8243; delay=&#8221;200&#8243;][vc_custom_heading text=&#8221;Pol\u00edtica de Privacidade&#8221; font_container=&#8221;tag:h4|font_size:60|text_align:left|color:%23ffffff|line_height:1.3&#8243;...\" \/>\n<meta property=\"og:url\" content=\"https:\/\/www.barcocasa.pt\/pt-pt\/politica-de-privacidade\/\" \/>\n<meta property=\"og:site_name\" content=\"Barco Casa\" \/>\n<meta property=\"article:modified_time\" content=\"2024-09-13T10:51:08+00:00\" \/>\n<meta name=\"twitter:card\" content=\"summary_large_image\" \/>\n<meta name=\"twitter:label1\" content=\"Tempo estimado de leitura\" \/>\n\t<meta name=\"twitter:data1\" content=\"4 minutos\" \/>\n<script type=\"application\/ld+json\" class=\"yoast-schema-graph\">{\"@context\":\"https:\\\/\\\/schema.org\",\"@graph\":[{\"@type\":\"WebPage\",\"@id\":\"https:\\\/\\\/www.barcocasa.pt\\\/pt-pt\\\/politica-de-privacidade\\\/\",\"url\":\"https:\\\/\\\/www.barcocasa.pt\\\/pt-pt\\\/politica-de-privacidade\\\/\",\"name\":\"Pol\u00edtica de Privacidade - Barco Casa\",\"isPartOf\":{\"@id\":\"https:\\\/\\\/www.barcocasa.pt\\\/pt-pt\\\/#website\"},\"datePublished\":\"2018-03-15T10:53:38+00:00\",\"dateModified\":\"2024-09-13T10:51:08+00:00\",\"breadcrumb\":{\"@id\":\"https:\\\/\\\/www.barcocasa.pt\\\/pt-pt\\\/politica-de-privacidade\\\/#breadcrumb\"},\"inLanguage\":\"pt-PT\",\"potentialAction\":[{\"@type\":\"ReadAction\",\"target\":[\"https:\\\/\\\/www.barcocasa.pt\\\/pt-pt\\\/politica-de-privacidade\\\/\"]}]},{\"@type\":\"BreadcrumbList\",\"@id\":\"https:\\\/\\\/www.barcocasa.pt\\\/pt-pt\\\/politica-de-privacidade\\\/#breadcrumb\",\"itemListElement\":[{\"@type\":\"ListItem\",\"position\":1,\"name\":\"In\u00edcio\",\"item\":\"https:\\\/\\\/www.barcocasa.pt\\\/pt-pt\\\/\"},{\"@type\":\"ListItem\",\"position\":2,\"name\":\"Pol\u00edtica de Privacidade\"}]},{\"@type\":\"WebSite\",\"@id\":\"https:\\\/\\\/www.barcocasa.pt\\\/pt-pt\\\/#website\",\"url\":\"https:\\\/\\\/www.barcocasa.pt\\\/pt-pt\\\/\",\"name\":\"Barco Casa\",\"description\":\"F&eacute;rias em pleno para&iacute;so da Ria Formosa\",\"potentialAction\":[{\"@type\":\"SearchAction\",\"target\":{\"@type\":\"EntryPoint\",\"urlTemplate\":\"https:\\\/\\\/www.barcocasa.pt\\\/pt-pt\\\/?s={search_term_string}\"},\"query-input\":{\"@type\":\"PropertyValueSpecification\",\"valueRequired\":true,\"valueName\":\"search_term_string\"}}],\"inLanguage\":\"pt-PT\"}]}<\/script>\n<!-- \/ Yoast SEO plugin. -->","yoast_head_json":{"title":"Pol\u00edtica de Privacidade - Barco Casa","robots":{"index":"index","follow":"follow","max-snippet":"max-snippet:-1","max-image-preview":"max-image-preview:large","max-video-preview":"max-video-preview:-1"},"canonical":"https:\/\/www.barcocasa.pt\/pt-pt\/politica-de-privacidade\/","og_locale":"pt_PT","og_type":"article","og_title":"Pol\u00edtica de Privacidade - Barco Casa","og_description":"[vc_row type=&#8221;full_width_background&#8221; full_screen_row_position=&#8221;middle&#8221; bg_image=&#8221;7118&#8243; bg_position=&#8221;center bottom&#8221; bg_repeat=&#8221;no-repeat&#8221; scene_position=&#8221;center&#8221; text_color=&#8221;light&#8221; text_align=&#8221;left&#8221; color_overlay=&#8221;#000000&#8243; overlay_strength=&#8221;0.3&#8243; shape_divider_position=&#8221;bottom&#8221; shape_type=&#8221;&#8221;][vc_column column_padding=&#8221;no-extra-padding&#8221; column_padding_position=&#8221;all&#8221; background_color_opacity=&#8221;1&#8243; background_hover_color_opacity=&#8221;1&#8243; column_shadow=&#8221;none&#8221; column_border_radius=&#8221;none&#8221; width=&#8221;1\/1&#8243; tablet_text_alignment=&#8221;default&#8221; phone_text_alignment=&#8221;default&#8221; column_border_width=&#8221;none&#8221; column_border_style=&#8221;solid&#8221;][divider line_type=&#8221;No Line&#8221; custom_height=&#8221;180&#8243;][divider line_type=&#8221;Small Line&#8221; line_thickness=&#8221;4&#8243; divider_color=&#8221;extra-color-1&#8243; animate=&#8221;yes&#8221; custom_height=&#8221;40&#8243; custom_line_width=&#8221;70&#8243; delay=&#8221;200&#8243;][vc_custom_heading text=&#8221;Pol\u00edtica de Privacidade&#8221; font_container=&#8221;tag:h4|font_size:60|text_align:left|color:%23ffffff|line_height:1.3&#8243;...","og_url":"https:\/\/www.barcocasa.pt\/pt-pt\/politica-de-privacidade\/","og_site_name":"Barco Casa","article_modified_time":"2024-09-13T10:51:08+00:00","twitter_card":"summary_large_image","twitter_misc":{"Tempo estimado de leitura":"4 minutos"},"schema":{"@context":"https:\/\/schema.org","@graph":[{"@type":"WebPage","@id":"https:\/\/www.barcocasa.pt\/pt-pt\/politica-de-privacidade\/","url":"https:\/\/www.barcocasa.pt\/pt-pt\/politica-de-privacidade\/","name":"Pol\u00edtica de Privacidade - Barco Casa","isPartOf":{"@id":"https:\/\/www.barcocasa.pt\/pt-pt\/#website"},"datePublished":"2018-03-15T10:53:38+00:00","dateModified":"2024-09-13T10:51:08+00:00","breadcrumb":{"@id":"https:\/\/www.barcocasa.pt\/pt-pt\/politica-de-privacidade\/#breadcrumb"},"inLanguage":"pt-PT","potentialAction":[{"@type":"ReadAction","target":["https:\/\/www.barcocasa.pt\/pt-pt\/politica-de-privacidade\/"]}]},{"@type":"BreadcrumbList","@id":"https:\/\/www.barcocasa.pt\/pt-pt\/politica-de-privacidade\/#breadcrumb","itemListElement":[{"@type":"ListItem","position":1,"name":"In\u00edcio","item":"https:\/\/www.barcocasa.pt\/pt-pt\/"},{"@type":"ListItem","position":2,"name":"Pol\u00edtica de Privacidade"}]},{"@type":"WebSite","@id":"https:\/\/www.barcocasa.pt\/pt-pt\/#website","url":"https:\/\/www.barcocasa.pt\/pt-pt\/","name":"Barco Casa","description":"F&eacute;rias em pleno para&iacute;so da Ria Formosa","potentialAction":[{"@type":"SearchAction","target":{"@type":"EntryPoint","urlTemplate":"https:\/\/www.barcocasa.pt\/pt-pt\/?s={search_term_string}"},"query-input":{"@type":"PropertyValueSpecification","valueRequired":true,"valueName":"search_term_string"}}],"inLanguage":"pt-PT"}]}},"_links":{"self":[{"href":"https:\/\/www.barcocasa.pt\/pt-pt\/wp-json\/wp\/v2\/pages\/7340","targetHints":{"allow":["GET"]}}],"collection":[{"href":"https:\/\/www.barcocasa.pt\/pt-pt\/wp-json\/wp\/v2\/pages"}],"about":[{"href":"https:\/\/www.barcocasa.pt\/pt-pt\/wp-json\/wp\/v2\/types\/page"}],"author":[{"embeddable":true,"href":"https:\/\/www.barcocasa.pt\/pt-pt\/wp-json\/wp\/v2\/users\/1"}],"replies":[{"embeddable":true,"href":"https:\/\/www.barcocasa.pt\/pt-pt\/wp-json\/wp\/v2\/comments?post=7340"}],"version-history":[{"count":6,"href":"https:\/\/www.barcocasa.pt\/pt-pt\/wp-json\/wp\/v2\/pages\/7340\/revisions"}],"predecessor-version":[{"id":8613,"href":"https:\/\/www.barcocasa.pt\/pt-pt\/wp-json\/wp\/v2\/pages\/7340\/revisions\/8613"}],"wp:attachment":[{"href":"https:\/\/www.barcocasa.pt\/pt-pt\/wp-json\/wp\/v2\/media?parent=7340"}],"curies":[{"name":"wp","href":"https:\/\/api.w.org\/{rel}","templated":true}]}}