{"id":7310,"date":"2018-03-06T16:10:47","date_gmt":"2018-03-06T16:10:47","guid":{"rendered":"https:\/\/www.barcocasa.pt\/?page_id=7310"},"modified":"2018-03-19T16:03:11","modified_gmt":"2018-03-19T16:03:11","slug":"horarios","status":"publish","type":"page","link":"https:\/\/www.barcocasa.pt\/pt-pt\/horarios\/","title":{"rendered":"Hor\u00e1rios"},"content":{"rendered":"[vc_row type=&#8221;full_width_background&#8221; full_screen_row_position=&#8221;middle&#8221; bg_image=&#8221;7118&#8243; bg_position=&#8221;center bottom&#8221; bg_repeat=&#8221;no-repeat&#8221; scene_position=&#8221;center&#8221; text_color=&#8221;light&#8221; text_align=&#8221;left&#8221; color_overlay=&#8221;#000000&#8243; overlay_strength=&#8221;0.3&#8243; shape_divider_position=&#8221;bottom&#8221; shape_type=&#8221;&#8221;][vc_column column_padding=&#8221;no-extra-padding&#8221; column_padding_position=&#8221;all&#8221; background_color_opacity=&#8221;1&#8243; background_hover_color_opacity=&#8221;1&#8243; column_shadow=&#8221;none&#8221; column_border_radius=&#8221;none&#8221; width=&#8221;1\/1&#8243; tablet_text_alignment=&#8221;default&#8221; phone_text_alignment=&#8221;default&#8221; column_border_width=&#8221;none&#8221; column_border_style=&#8221;solid&#8221;][divider line_type=&#8221;No Line&#8221; custom_height=&#8221;180&#8243;][divider line_type=&#8221;Small Line&#8221; line_thickness=&#8221;4&#8243; divider_color=&#8221;extra-color-1&#8243; animate=&#8221;yes&#8221; custom_height=&#8221;40&#8243; custom_line_width=&#8221;70&#8243; delay=&#8221;200&#8243;][vc_custom_heading text=&#8221;Hor\u00e1rios Check-in &amp; Check-out&#8221; font_container=&#8221;tag:h4|font_size:60|text_align:left|color:%23ffffff|line_height:1.3&#8243; google_fonts=&#8221;font_family:Rancho%3Aregular|font_style:400%20regular%3A400%3Anormal&#8221; css_animation=&#8221;fadeIn&#8221; el_class=&#8221;column-highlight&#8221;][divider line_type=&#8221;No Line&#8221; custom_height=&#8221;180&#8243;][\/vc_column][\/vc_row][vc_row type=&#8221;full_width_background&#8221; full_screen_row_position=&#8221;middle&#8221; equal_height=&#8221;yes&#8221; bg_image=&#8221;6906&#8243; bg_position=&#8221;left top&#8221; bg_repeat=&#8221;no-repeat&#8221; scene_position=&#8221;center&#8221; text_color=&#8221;dark&#8221; text_align=&#8221;left&#8221; top_padding=&#8221;7%&#8221; bottom_padding=&#8221;7%&#8221; overlay_strength=&#8221;0.3&#8243; shape_divider_position=&#8221;bottom&#8221; shape_type=&#8221;&#8221;][vc_column enable_animation=&#8221;true&#8221; animation=&#8221;fade-in&#8221; column_padding=&#8221;no-extra-padding&#8221; column_padding_position=&#8221;all&#8221; background_color_opacity=&#8221;1&#8243; background_hover_color_opacity=&#8221;1&#8243; column_shadow=&#8221;none&#8221; column_border_radius=&#8221;none&#8221; width=&#8221;1\/1&#8243; tablet_text_alignment=&#8221;default&#8221; phone_text_alignment=&#8221;default&#8221; column_border_width=&#8221;none&#8221; column_border_style=&#8221;solid&#8221;][vc_row_inner column_margin=&#8221;default&#8221; text_align=&#8221;left&#8221;][vc_column_inner column_padding=&#8221;no-extra-padding&#8221; column_padding_position=&#8221;all&#8221; background_color_opacity=&#8221;1&#8243; background_hover_color_opacity=&#8221;1&#8243; column_shadow=&#8221;none&#8221; column_border_radius=&#8221;none&#8221; width=&#8221;1\/1&#8243; column_border_width=&#8221;none&#8221; column_border_style=&#8221;solid&#8221;][vc_column_text]<strong>IMPORTANTE:<\/strong><br \/>\nOs hor\u00e1rios de check-in e check-out variam consoante as mar\u00e9s. Por favor, consulte abaixo os hor\u00e1rios correspondentes \u00e0s datas da sua estadia:[\/vc_column_text][\/vc_column_inner][\/vc_row_inner][divider line_type=&#8221;No Line&#8221; custom_height=&#8221;50&#8243;][\/vc_column][\/vc_row]\n","protected":false},"excerpt":{"rendered":"<p>[vc_row type=&#8221;full_width_background&#8221; full_screen_row_position=&#8221;middle&#8221; bg_image=&#8221;7118&#8243; bg_position=&#8221;center bottom&#8221; bg_repeat=&#8221;no-repeat&#8221; scene_position=&#8221;center&#8221; text_color=&#8221;light&#8221; text_align=&#8221;left&#8221; color_overlay=&#8221;#000000&#8243; overlay_strength=&#8221;0.3&#8243; shape_divider_position=&#8221;bottom&#8221; shape_type=&#8221;&#8221;][vc_column column_padding=&#8221;no-extra-padding&#8221; column_padding_position=&#8221;all&#8221; background_color_opacity=&#8221;1&#8243; background_hover_color_opacity=&#8221;1&#8243; column_shadow=&#8221;none&#8221; column_border_radius=&#8221;none&#8221; width=&#8221;1\/1&#8243; tablet_text_alignment=&#8221;default&#8221; phone_text_alignment=&#8221;default&#8221; column_border_width=&#8221;none&#8221; column_border_style=&#8221;solid&#8221;][divider line_type=&#8221;No Line&#8221; custom_height=&#8221;180&#8243;][divider line_type=&#8221;Small Line&#8221; line_thickness=&#8221;4&#8243; divider_color=&#8221;extra-color-1&#8243; animate=&#8221;yes&#8221; custom_height=&#8221;40&#8243; custom_line_width=&#8221;70&#8243; delay=&#8221;200&#8243;][vc_custom_heading text=&#8221;Hor\u00e1rios Check-in &amp; Check-out&#8221;&#8230;<\/p>\n","protected":false},"author":1,"featured_media":0,"parent":0,"menu_order":0,"comment_status":"closed","ping_status":"closed","template":"","meta":{"footnotes":""},"class_list":["post-7310","page","type-page","status-publish"],"yoast_head":"<!-- This site is optimized with the Yoast SEO plugin v27.3 - https:\/\/yoast.com\/product\/yoast-seo-wordpress\/ -->\n<title>Hor\u00e1rios - Barco Casa<\/title>\n<meta name=\"robots\" content=\"index, follow, max-snippet:-1, max-image-preview:large, max-video-preview:-1\" \/>\n<link rel=\"canonical\" href=\"https:\/\/www.barcocasa.pt\/pt-pt\/horarios\/\" \/>\n<meta property=\"og:locale\" content=\"pt_PT\" \/>\n<meta property=\"og:type\" content=\"article\" \/>\n<meta property=\"og:title\" content=\"Hor\u00e1rios - Barco Casa\" \/>\n<meta property=\"og:description\" content=\"[vc_row type=&#8221;full_width_background&#8221; full_screen_row_position=&#8221;middle&#8221; bg_image=&#8221;7118&#8243; bg_position=&#8221;center bottom&#8221; bg_repeat=&#8221;no-repeat&#8221; scene_position=&#8221;center&#8221; text_color=&#8221;light&#8221; text_align=&#8221;left&#8221; color_overlay=&#8221;#000000&#8243; overlay_strength=&#8221;0.3&#8243; shape_divider_position=&#8221;bottom&#8221; shape_type=&#8221;&#8221;][vc_column column_padding=&#8221;no-extra-padding&#8221; column_padding_position=&#8221;all&#8221; background_color_opacity=&#8221;1&#8243; background_hover_color_opacity=&#8221;1&#8243; column_shadow=&#8221;none&#8221; column_border_radius=&#8221;none&#8221; width=&#8221;1\/1&#8243; tablet_text_alignment=&#8221;default&#8221; phone_text_alignment=&#8221;default&#8221; column_border_width=&#8221;none&#8221; column_border_style=&#8221;solid&#8221;][divider line_type=&#8221;No Line&#8221; custom_height=&#8221;180&#8243;][divider line_type=&#8221;Small Line&#8221; line_thickness=&#8221;4&#8243; divider_color=&#8221;extra-color-1&#8243; animate=&#8221;yes&#8221; custom_height=&#8221;40&#8243; custom_line_width=&#8221;70&#8243; delay=&#8221;200&#8243;][vc_custom_heading text=&#8221;Hor\u00e1rios Check-in &amp; Check-out&#8221;...\" \/>\n<meta property=\"og:url\" content=\"https:\/\/www.barcocasa.pt\/pt-pt\/horarios\/\" \/>\n<meta property=\"og:site_name\" content=\"Barco Casa\" \/>\n<meta property=\"article:modified_time\" content=\"2018-03-19T16:03:11+00:00\" \/>\n<meta name=\"twitter:card\" content=\"summary_large_image\" \/>\n<meta name=\"twitter:label1\" content=\"Tempo estimado de leitura\" \/>\n\t<meta name=\"twitter:data1\" content=\"2 minutos\" \/>\n<script type=\"application\/ld+json\" class=\"yoast-schema-graph\">{\"@context\":\"https:\\\/\\\/schema.org\",\"@graph\":[{\"@type\":\"WebPage\",\"@id\":\"https:\\\/\\\/www.barcocasa.pt\\\/pt-pt\\\/horarios\\\/\",\"url\":\"https:\\\/\\\/www.barcocasa.pt\\\/pt-pt\\\/horarios\\\/\",\"name\":\"Hor\u00e1rios - Barco Casa\",\"isPartOf\":{\"@id\":\"https:\\\/\\\/www.barcocasa.pt\\\/pt-pt\\\/#website\"},\"datePublished\":\"2018-03-06T16:10:47+00:00\",\"dateModified\":\"2018-03-19T16:03:11+00:00\",\"breadcrumb\":{\"@id\":\"https:\\\/\\\/www.barcocasa.pt\\\/pt-pt\\\/horarios\\\/#breadcrumb\"},\"inLanguage\":\"pt-PT\",\"potentialAction\":[{\"@type\":\"ReadAction\",\"target\":[\"https:\\\/\\\/www.barcocasa.pt\\\/pt-pt\\\/horarios\\\/\"]}]},{\"@type\":\"BreadcrumbList\",\"@id\":\"https:\\\/\\\/www.barcocasa.pt\\\/pt-pt\\\/horarios\\\/#breadcrumb\",\"itemListElement\":[{\"@type\":\"ListItem\",\"position\":1,\"name\":\"In\u00edcio\",\"item\":\"https:\\\/\\\/www.barcocasa.pt\\\/pt-pt\\\/\"},{\"@type\":\"ListItem\",\"position\":2,\"name\":\"Hor\u00e1rios\"}]},{\"@type\":\"WebSite\",\"@id\":\"https:\\\/\\\/www.barcocasa.pt\\\/pt-pt\\\/#website\",\"url\":\"https:\\\/\\\/www.barcocasa.pt\\\/pt-pt\\\/\",\"name\":\"Barco Casa\",\"description\":\"F&eacute;rias em pleno para&iacute;so da Ria Formosa\",\"potentialAction\":[{\"@type\":\"SearchAction\",\"target\":{\"@type\":\"EntryPoint\",\"urlTemplate\":\"https:\\\/\\\/www.barcocasa.pt\\\/pt-pt\\\/?s={search_term_string}\"},\"query-input\":{\"@type\":\"PropertyValueSpecification\",\"valueRequired\":true,\"valueName\":\"search_term_string\"}}],\"inLanguage\":\"pt-PT\"}]}<\/script>\n<!-- \/ Yoast SEO plugin. -->","yoast_head_json":{"title":"Hor\u00e1rios - Barco Casa","robots":{"index":"index","follow":"follow","max-snippet":"max-snippet:-1","max-image-preview":"max-image-preview:large","max-video-preview":"max-video-preview:-1"},"canonical":"https:\/\/www.barcocasa.pt\/pt-pt\/horarios\/","og_locale":"pt_PT","og_type":"article","og_title":"Hor\u00e1rios - Barco Casa","og_description":"[vc_row type=&#8221;full_width_background&#8221; full_screen_row_position=&#8221;middle&#8221; bg_image=&#8221;7118&#8243; bg_position=&#8221;center bottom&#8221; bg_repeat=&#8221;no-repeat&#8221; scene_position=&#8221;center&#8221; text_color=&#8221;light&#8221; text_align=&#8221;left&#8221; color_overlay=&#8221;#000000&#8243; overlay_strength=&#8221;0.3&#8243; shape_divider_position=&#8221;bottom&#8221; shape_type=&#8221;&#8221;][vc_column column_padding=&#8221;no-extra-padding&#8221; column_padding_position=&#8221;all&#8221; background_color_opacity=&#8221;1&#8243; background_hover_color_opacity=&#8221;1&#8243; column_shadow=&#8221;none&#8221; column_border_radius=&#8221;none&#8221; width=&#8221;1\/1&#8243; tablet_text_alignment=&#8221;default&#8221; phone_text_alignment=&#8221;default&#8221; column_border_width=&#8221;none&#8221; column_border_style=&#8221;solid&#8221;][divider line_type=&#8221;No Line&#8221; custom_height=&#8221;180&#8243;][divider line_type=&#8221;Small Line&#8221; line_thickness=&#8221;4&#8243; divider_color=&#8221;extra-color-1&#8243; animate=&#8221;yes&#8221; custom_height=&#8221;40&#8243; custom_line_width=&#8221;70&#8243; delay=&#8221;200&#8243;][vc_custom_heading text=&#8221;Hor\u00e1rios Check-in &amp; Check-out&#8221;...","og_url":"https:\/\/www.barcocasa.pt\/pt-pt\/horarios\/","og_site_name":"Barco Casa","article_modified_time":"2018-03-19T16:03:11+00:00","twitter_card":"summary_large_image","twitter_misc":{"Tempo estimado de leitura":"2 minutos"},"schema":{"@context":"https:\/\/schema.org","@graph":[{"@type":"WebPage","@id":"https:\/\/www.barcocasa.pt\/pt-pt\/horarios\/","url":"https:\/\/www.barcocasa.pt\/pt-pt\/horarios\/","name":"Hor\u00e1rios - Barco Casa","isPartOf":{"@id":"https:\/\/www.barcocasa.pt\/pt-pt\/#website"},"datePublished":"2018-03-06T16:10:47+00:00","dateModified":"2018-03-19T16:03:11+00:00","breadcrumb":{"@id":"https:\/\/www.barcocasa.pt\/pt-pt\/horarios\/#breadcrumb"},"inLanguage":"pt-PT","potentialAction":[{"@type":"ReadAction","target":["https:\/\/www.barcocasa.pt\/pt-pt\/horarios\/"]}]},{"@type":"BreadcrumbList","@id":"https:\/\/www.barcocasa.pt\/pt-pt\/horarios\/#breadcrumb","itemListElement":[{"@type":"ListItem","position":1,"name":"In\u00edcio","item":"https:\/\/www.barcocasa.pt\/pt-pt\/"},{"@type":"ListItem","position":2,"name":"Hor\u00e1rios"}]},{"@type":"WebSite","@id":"https:\/\/www.barcocasa.pt\/pt-pt\/#website","url":"https:\/\/www.barcocasa.pt\/pt-pt\/","name":"Barco Casa","description":"F&eacute;rias em pleno para&iacute;so da Ria Formosa","potentialAction":[{"@type":"SearchAction","target":{"@type":"EntryPoint","urlTemplate":"https:\/\/www.barcocasa.pt\/pt-pt\/?s={search_term_string}"},"query-input":{"@type":"PropertyValueSpecification","valueRequired":true,"valueName":"search_term_string"}}],"inLanguage":"pt-PT"}]}},"_links":{"self":[{"href":"https:\/\/www.barcocasa.pt\/pt-pt\/wp-json\/wp\/v2\/pages\/7310","targetHints":{"allow":["GET"]}}],"collection":[{"href":"https:\/\/www.barcocasa.pt\/pt-pt\/wp-json\/wp\/v2\/pages"}],"about":[{"href":"https:\/\/www.barcocasa.pt\/pt-pt\/wp-json\/wp\/v2\/types\/page"}],"author":[{"embeddable":true,"href":"https:\/\/www.barcocasa.pt\/pt-pt\/wp-json\/wp\/v2\/users\/1"}],"replies":[{"embeddable":true,"href":"https:\/\/www.barcocasa.pt\/pt-pt\/wp-json\/wp\/v2\/comments?post=7310"}],"version-history":[{"count":3,"href":"https:\/\/www.barcocasa.pt\/pt-pt\/wp-json\/wp\/v2\/pages\/7310\/revisions"}],"predecessor-version":[{"id":7408,"href":"https:\/\/www.barcocasa.pt\/pt-pt\/wp-json\/wp\/v2\/pages\/7310\/revisions\/7408"}],"wp:attachment":[{"href":"https:\/\/www.barcocasa.pt\/pt-pt\/wp-json\/wp\/v2\/media?parent=7310"}],"curies":[{"name":"wp","href":"https:\/\/api.w.org\/{rel}","templated":true}]}}