{"id":7635,"date":"2018-03-13T21:10:30","date_gmt":"2018-03-13T21:10:30","guid":{"rendered":"https:\/\/www.barcocasa.pt\/termos-condicoes\/"},"modified":"2024-09-13T11:18:43","modified_gmt":"2024-09-13T11:18:43","slug":"termes-condition","status":"publish","type":"page","link":"https:\/\/www.barcocasa.pt\/fr\/termes-condition\/","title":{"rendered":"Termes &#038; Condition"},"content":{"rendered":"[vc_row type=\u00a0\u00bbfull_width_background\u00a0\u00bb full_screen_row_position=\u00a0\u00bbmiddle\u00a0\u00bb bg_image=\u00a0\u00bb7118&Prime; bg_position=\u00a0\u00bbcenter bottom\u00a0\u00bb bg_repeat=\u00a0\u00bbno-repeat\u00a0\u00bb scene_position=\u00a0\u00bbcenter\u00a0\u00bb text_color=\u00a0\u00bblight\u00a0\u00bb text_align=\u00a0\u00bbleft\u00a0\u00bb color_overlay=\u00a0\u00bb#000000&Prime; overlay_strength=\u00a0\u00bb0.3&Prime; shape_divider_position=\u00a0\u00bbbottom\u00a0\u00bb shape_type=\u00a0\u00bb\u00a0\u00bb][vc_column column_padding=\u00a0\u00bbno-extra-padding\u00a0\u00bb column_padding_position=\u00a0\u00bball\u00a0\u00bb background_color_opacity=\u00a0\u00bb1&Prime; background_hover_color_opacity=\u00a0\u00bb1&Prime; column_shadow=\u00a0\u00bbnone\u00a0\u00bb column_border_radius=\u00a0\u00bbnone\u00a0\u00bb width=\u00a0\u00bb1\/1&Prime; tablet_text_alignment=\u00a0\u00bbdefault\u00a0\u00bb phone_text_alignment=\u00a0\u00bbdefault\u00a0\u00bb column_border_width=\u00a0\u00bbnone\u00a0\u00bb column_border_style=\u00a0\u00bbsolid\u00a0\u00bb][divider line_type=\u00a0\u00bbNo Line\u00a0\u00bb custom_height=\u00a0\u00bb180&Prime;][divider line_type=\u00a0\u00bbSmall Line\u00a0\u00bb line_thickness=\u00a0\u00bb4&Prime; divider_color=\u00a0\u00bbextra-color-1&Prime; animate=\u00a0\u00bbyes\u00a0\u00bb custom_height=\u00a0\u00bb40&Prime; custom_line_width=\u00a0\u00bb70&Prime; delay=\u00a0\u00bb200&Prime;][vc_custom_heading text=\u00a0\u00bbTermes &amp; Condition\u00a0\u00bb font_container=\u00a0\u00bbtag:h4|font_size:60|text_align:left|color:%23ffffff|line_height:1.3&Prime; google_fonts=\u00a0\u00bbfont_family:Rancho%3Aregular|font_style:400%20regular%3A400%3Anormal\u00a0\u00bb css_animation=\u00a0\u00bbfadeIn\u00a0\u00bb el_class=\u00a0\u00bbcolumn-highlight\u00a0\u00bb][divider line_type=\u00a0\u00bbNo Line\u00a0\u00bb custom_height=\u00a0\u00bb180&Prime;][\/vc_column][\/vc_row][vc_row type=\u00a0\u00bbfull_width_background\u00a0\u00bb full_screen_row_position=\u00a0\u00bbmiddle\u00a0\u00bb equal_height=\u00a0\u00bbyes\u00a0\u00bb bg_image=\u00a0\u00bb6906&Prime; bg_position=\u00a0\u00bbleft top\u00a0\u00bb bg_repeat=\u00a0\u00bbno-repeat\u00a0\u00bb scene_position=\u00a0\u00bbcenter\u00a0\u00bb text_color=\u00a0\u00bbdark\u00a0\u00bb text_align=\u00a0\u00bbleft\u00a0\u00bb top_padding=\u00a0\u00bb7%\u00a0\u00bb bottom_padding=\u00a0\u00bb7%\u00a0\u00bb overlay_strength=\u00a0\u00bb0.3&Prime; shape_divider_position=\u00a0\u00bbbottom\u00a0\u00bb shape_type=\u00a0\u00bb\u00a0\u00bb][vc_column enable_animation=\u00a0\u00bbtrue\u00a0\u00bb animation=\u00a0\u00bbfade-in\u00a0\u00bb column_padding=\u00a0\u00bbno-extra-padding\u00a0\u00bb column_padding_position=\u00a0\u00bball\u00a0\u00bb background_color_opacity=\u00a0\u00bb1&Prime; background_hover_color_opacity=\u00a0\u00bb1&Prime; column_shadow=\u00a0\u00bbnone\u00a0\u00bb column_border_radius=\u00a0\u00bbnone\u00a0\u00bb width=\u00a0\u00bb1\/1&Prime; tablet_text_alignment=\u00a0\u00bbdefault\u00a0\u00bb phone_text_alignment=\u00a0\u00bbdefault\u00a0\u00bb column_border_width=\u00a0\u00bbnone\u00a0\u00bb column_border_style=\u00a0\u00bbsolid\u00a0\u00bb][vc_row_inner column_margin=\u00a0\u00bbdefault\u00a0\u00bb text_align=\u00a0\u00bbleft\u00a0\u00bb][vc_column_inner column_padding=\u00a0\u00bbno-extra-padding\u00a0\u00bb column_padding_position=\u00a0\u00bball\u00a0\u00bb background_color_opacity=\u00a0\u00bb1&Prime; background_hover_color_opacity=\u00a0\u00bb1&Prime; column_shadow=\u00a0\u00bbnone\u00a0\u00bb column_border_radius=\u00a0\u00bbnone\u00a0\u00bb width=\u00a0\u00bb1\/1&Prime; column_border_width=\u00a0\u00bbnone\u00a0\u00bb column_border_style=\u00a0\u00bbsolid\u00a0\u00bb][vc_column_text]<strong>RESERVATION<\/strong><br \/>\nLa confirmation de la r\u00e9servation implique le paiement de 100% de la valeurs dans un d\u00e9lai maximum de 48 heures. Nous remercions l\u2019envoie du justificatif de virement \u00e0 info@barcocasa.pt pour rendre la confirmation plus rapide.<br \/>\nDocumentation. A l\u2019acte de paiement, la Novidade Salgada Unipessoal Lda., sollicitera au locataire les document et information n\u00e9cessaire.<br \/>\nToute d\u00e9pense bancaire sera a la charge du locataire.<\/p>\n<p><strong>POLITIQUE D\u2019ANNULATION<\/strong><br \/>\nLes r\u00e9servations annul\u00e9e avec un pr\u00e9avis sup\u00e9rieure \u00e0 30 jours avant le check-in sont sans co\u00fbt pour le client, sera restitu\u00e9 l\u2019acompte pr\u00e9alablement vers\u00e9. L\u2019annulation faite apr\u00e8s 30 jours avant le check-in aura un co\u00fbt de 100% de la valeur total de l\u2019acompte.<\/p>\n<p><strong>CHECK-IN<\/strong><br \/>\nL\u2019horaire du check-in varie en fonction de la mar\u00e9. Il vous sera envoyer sur votre adresse mail, un calendrier ou vous pouvez consulter les horaires pour pouvoir effectuer votre check-in.<br \/>\nL&rsquo;arriv\u00e9e en dehors de l&rsquo;horaire accord\u00e9, impliquer\u00e1 le paiement pour chaque fraction d\u2019heures de retard, une indemnisation de 50 euros, pouvant entra\u00eener le non d\u00e9placement de la maison flottante.<\/p>\n<p><strong>CHECK OUT<\/strong><br \/>\nLes horaires du check-out varie aussi selon les m\u00e1res.Vous serez inform\u00e9 par email ou pendant le check-in de l\u2019heure exacte de celui-ci.<br \/>\nLe bateau sera rendu \u00e0 Novidade Salgada Unipessoal Lda. dans les conditions initiale et apr\u00e8s v\u00e9rification de l\u2019inventaire initiale.<br \/>\nLe locataire sera responsable de toutes d\u00e9penses occasionn\u00e9 par un retard. Chaque fraction d\u2019heure de retard du bateau, correspondra \u00e0 une indemnisation de 50 Euros, ajout\u00e9 au co\u00fbt en relation des indemnisations \u00e0 payer par le locataire.<\/p>\n<p><strong>CAPACIT\u00c9 DE LA MAISON FLOTTANTE BARRA VELHA<\/strong><br \/>\nLa capacit\u00e9 du bateau Barra Velha est limit\u00e9 \u00e0 6 adultes et 4 enfants. Un nombres sup\u00e9rieures d\u2019adultes, ne garantit pas les meilleures conditions de confort de votre s\u00e9jour.<\/p>\n<p><strong>CAPACIT\u00c9 DE LA MAISON FLOTTANTE ILHA DA CULATRA<\/strong><br \/>\nLa capacit\u00e9 du bateau ilha da culatra est limit\u00e9 \u00e0 2 adultes et 2 enfants.Un nombres sup\u00e9rieures d\u2019adultes , ne garantit pas les meilleures conditions de confort de votre s\u00e9jour.<\/p>\n<p><strong>APTITUDES<\/strong><br \/>\nNovidade Salgada Unipessoal Lda., se r\u00e9serve le droit de refuser la livraison du bateau si le responsable ne semble pas apte \u00e0 assumer ses responsabilit\u00e9. Dans ce cas, seul la valeur de la location sera rembours\u00e9. Le responsable de la tribulation, prendra possession du bateau, apr\u00e8s avoir rempli les formalit\u00e9 (caution, inventaire) de collecte des documents administratifs et de recevoir la formation et les instructions n\u00e9cessaires.<br \/>\nIl est interdit de sous-lou\u00e9 le bateau.<\/p>\n<p><strong>CAUTION<\/strong><br \/>\n100 Euros journaliers seront per\u00e7us comme caution. Cette valeur sera rendu<br \/>\nune fois le s\u00e8jour termin\u00e9 et que le bateau, \u00e8quipement et inventaire soit rendu en bon \u00e9tat.<\/p>\n<p><strong>ASSURANCE<\/strong><br \/>\nLe montant per\u00e7u inclut l\u2019assurance du bateau et la responsabilit\u00e9 du locataire. N\u2019inclut pas dommages\/accidents survenus \u00e0 bord. Cependant, chaques membres de la \u00e9quipage est responsable des dommages caus\u00e9 \u00e0 un tiers,d\u00fb \u00e0 un comportement inappropri\u00e9, qui ne soit en relation avec le bateau lou\u00e9. L\u2019assurance n&rsquo;inclut pas les objets personnel des locataire ni sa propre responsabilit\u00e9 civil. Novidade Salgada Unipessoal Lda., n\u2019est pas responsable des dommages et pertes des biens appartenant au locataire, dans le bateau ou dans les locaux sous contr\u00f4le du locataire.<\/p>\n<p><strong>EQUIPEMENT DU BATEAU<\/strong><br \/>\nA l&rsquo;int\u00e9rieure de la maison flottante se trouve une liste avec un inventaire.<\/p>\n<p><strong>CHANGEMENT<\/strong><br \/>\nTout pr\u00e9judice r\u00e9sultant d\u2019un changement (de date, de bateau) demand\u00e9 par le client et accept\u00e9 par Novidade Salgada Unipessoal Lda., sera assum\u00e9 dans sa totalit\u00e9 par le client. Les co\u00fbt seront d\u00e9termin\u00e9s sur la base des conditions d\u2019annulation.<\/p>\n<p><strong>INTERRUPTIONS OU RESTRICTIONS DE NAVIGATION<\/strong><br \/>\nNovidade Salgada Unipessoal Lda. ne sera pas responsable par n\u2019importe quel interruption ou restriction de navigation d\u00fb a des raisons sans rapport \u00e0 votre volont\u00e9: travaux, mar\u00e9e, s\u00e9cheresse, ou travaux administratifs,etc\u2026.<br \/>\nDans le cas d\u2019une annulation total du s\u00e9jour avant la date de d\u00e9part d\u00fb \u00e0 une interruption ou restriction de navigation,la moiti\u00e9 de la valeur de la location sera rembours\u00e9 au client,l\u2019autre moiti\u00e9 en compte d\u2019une nouvelle location au courant de l&rsquo;ann\u00e9e.<\/p>\n<p><strong>PANNES<\/strong><br \/>\nPasseios Ria Formosa place au service du locataire un service de r\u00e9paration gratuit, que nous assisterons \u00e0 travers d\u2019un simple appel, pendant les horaires de travail.<br \/>\n&#8211; Pannes non imputables au locataire<br \/>\n&#8211; Pannes imputables au locataire<\/p>\n<p><strong>DOMMAGES &#8211; ACCIDENTS<\/strong><br \/>\nAucune r\u00e9clamation n\u2019est possibles en cas d\u2019accident occasionn\u00e9 par la n\u00e9gligence du locataire. Le locataire devra informer imm\u00e9diatement le propri\u00e9taire sur quelque soit l\u2019accident, por que vous soyez aid\u00e9 le long de la proc\u00e8dure de r\u00e9paration.<br \/>\nLe locataire ne devra pas r\u00e9parer ou faire r\u00e9parer les dommages ou avaries souffert par le bateau. Dommages provoqu\u00e9s \u00e0 l\u2019embarcation d\u00fb a une mauvaise utilization ou n\u00e9gligence de la part du locataire avec le maniement du fourneau \u00e0 gaz peut entra\u00eener une amendes d\u2019une valeur de 5.000$[\/vc_column_text][\/vc_column_inner][\/vc_row_inner][divider line_type=\u00a0\u00bbNo Line\u00a0\u00bb custom_height=\u00a0\u00bb50&Prime;][\/vc_column][\/vc_row]\n","protected":false},"excerpt":{"rendered":"<p>[vc_row type=\u00a0\u00bbfull_width_background\u00a0\u00bb full_screen_row_position=\u00a0\u00bbmiddle\u00a0\u00bb bg_image=\u00a0\u00bb7118&Prime; bg_position=\u00a0\u00bbcenter bottom\u00a0\u00bb bg_repeat=\u00a0\u00bbno-repeat\u00a0\u00bb scene_position=\u00a0\u00bbcenter\u00a0\u00bb text_color=\u00a0\u00bblight\u00a0\u00bb text_align=\u00a0\u00bbleft\u00a0\u00bb color_overlay=\u00a0\u00bb#000000&Prime; overlay_strength=\u00a0\u00bb0.3&Prime; shape_divider_position=\u00a0\u00bbbottom\u00a0\u00bb shape_type=\u00a0\u00bb\u00a0\u00bb][vc_column column_padding=\u00a0\u00bbno-extra-padding\u00a0\u00bb column_padding_position=\u00a0\u00bball\u00a0\u00bb background_color_opacity=\u00a0\u00bb1&Prime; background_hover_color_opacity=\u00a0\u00bb1&Prime; column_shadow=\u00a0\u00bbnone\u00a0\u00bb column_border_radius=\u00a0\u00bbnone\u00a0\u00bb width=\u00a0\u00bb1\/1&Prime; tablet_text_alignment=\u00a0\u00bbdefault\u00a0\u00bb phone_text_alignment=\u00a0\u00bbdefault\u00a0\u00bb column_border_width=\u00a0\u00bbnone\u00a0\u00bb column_border_style=\u00a0\u00bbsolid\u00a0\u00bb][divider line_type=\u00a0\u00bbNo Line\u00a0\u00bb custom_height=\u00a0\u00bb180&Prime;][divider line_type=\u00a0\u00bbSmall Line\u00a0\u00bb line_thickness=\u00a0\u00bb4&Prime; divider_color=\u00a0\u00bbextra-color-1&Prime; animate=\u00a0\u00bbyes\u00a0\u00bb custom_height=\u00a0\u00bb40&Prime; custom_line_width=\u00a0\u00bb70&Prime; delay=\u00a0\u00bb200&Prime;][vc_custom_heading text=\u00a0\u00bbTermes &amp; Condition\u00a0\u00bb font_container=\u00a0\u00bbtag:h4|font_size:60|text_align:left|color:%23ffffff|line_height:1.3&Prime;&#8230;<\/p>\n","protected":false},"author":1,"featured_media":0,"parent":0,"menu_order":0,"comment_status":"closed","ping_status":"closed","template":"","meta":{"footnotes":""},"class_list":["post-7635","page","type-page","status-publish"],"yoast_head":"<!-- This site is optimized with the Yoast SEO plugin v27.3 - https:\/\/yoast.com\/product\/yoast-seo-wordpress\/ -->\n<title>Termes &amp; Condition - Barco Casa<\/title>\n<meta name=\"robots\" content=\"index, follow, max-snippet:-1, max-image-preview:large, max-video-preview:-1\" \/>\n<link rel=\"canonical\" href=\"https:\/\/www.barcocasa.pt\/fr\/termes-condition\/\" \/>\n<meta property=\"og:locale\" content=\"fr_FR\" \/>\n<meta property=\"og:type\" content=\"article\" \/>\n<meta property=\"og:title\" content=\"Termes &amp; Condition - Barco Casa\" \/>\n<meta property=\"og:description\" content=\"[vc_row type=\u00a0\u00bbfull_width_background\u00a0\u00bb full_screen_row_position=\u00a0\u00bbmiddle\u00a0\u00bb bg_image=\u00a0\u00bb7118&Prime; bg_position=\u00a0\u00bbcenter bottom\u00a0\u00bb bg_repeat=\u00a0\u00bbno-repeat\u00a0\u00bb scene_position=\u00a0\u00bbcenter\u00a0\u00bb text_color=\u00a0\u00bblight\u00a0\u00bb text_align=\u00a0\u00bbleft\u00a0\u00bb color_overlay=\u00a0\u00bb#000000&Prime; overlay_strength=\u00a0\u00bb0.3&Prime; shape_divider_position=\u00a0\u00bbbottom\u00a0\u00bb shape_type=\u00a0\u00bb\u00a0\u00bb][vc_column column_padding=\u00a0\u00bbno-extra-padding\u00a0\u00bb column_padding_position=\u00a0\u00bball\u00a0\u00bb background_color_opacity=\u00a0\u00bb1&Prime; background_hover_color_opacity=\u00a0\u00bb1&Prime; column_shadow=\u00a0\u00bbnone\u00a0\u00bb column_border_radius=\u00a0\u00bbnone\u00a0\u00bb width=\u00a0\u00bb1\/1&Prime; tablet_text_alignment=\u00a0\u00bbdefault\u00a0\u00bb phone_text_alignment=\u00a0\u00bbdefault\u00a0\u00bb column_border_width=\u00a0\u00bbnone\u00a0\u00bb column_border_style=\u00a0\u00bbsolid\u00a0\u00bb][divider line_type=\u00a0\u00bbNo Line\u00a0\u00bb custom_height=\u00a0\u00bb180&Prime;][divider line_type=\u00a0\u00bbSmall Line\u00a0\u00bb line_thickness=\u00a0\u00bb4&Prime; divider_color=\u00a0\u00bbextra-color-1&Prime; animate=\u00a0\u00bbyes\u00a0\u00bb custom_height=\u00a0\u00bb40&Prime; custom_line_width=\u00a0\u00bb70&Prime; delay=\u00a0\u00bb200&Prime;][vc_custom_heading text=\u00a0\u00bbTermes &amp; Condition\u00a0\u00bb font_container=\u00a0\u00bbtag:h4|font_size:60|text_align:left|color:%23ffffff|line_height:1.3&Prime;...\" \/>\n<meta property=\"og:url\" content=\"https:\/\/www.barcocasa.pt\/fr\/termes-condition\/\" \/>\n<meta property=\"og:site_name\" content=\"Barco Casa\" \/>\n<meta property=\"article:modified_time\" content=\"2024-09-13T11:18:43+00:00\" \/>\n<meta name=\"twitter:card\" content=\"summary_large_image\" \/>\n<meta name=\"twitter:label1\" content=\"Dur\u00e9e de lecture estim\u00e9e\" \/>\n\t<meta name=\"twitter:data1\" content=\"6 minutes\" \/>\n<script type=\"application\/ld+json\" class=\"yoast-schema-graph\">{\"@context\":\"https:\\\/\\\/schema.org\",\"@graph\":[{\"@type\":\"WebPage\",\"@id\":\"https:\\\/\\\/www.barcocasa.pt\\\/fr\\\/termes-condition\\\/\",\"url\":\"https:\\\/\\\/www.barcocasa.pt\\\/fr\\\/termes-condition\\\/\",\"name\":\"Termes & Condition - Barco Casa\",\"isPartOf\":{\"@id\":\"https:\\\/\\\/www.barcocasa.pt\\\/pt-pt\\\/#website\"},\"datePublished\":\"2018-03-13T21:10:30+00:00\",\"dateModified\":\"2024-09-13T11:18:43+00:00\",\"breadcrumb\":{\"@id\":\"https:\\\/\\\/www.barcocasa.pt\\\/fr\\\/termes-condition\\\/#breadcrumb\"},\"inLanguage\":\"fr-FR\",\"potentialAction\":[{\"@type\":\"ReadAction\",\"target\":[\"https:\\\/\\\/www.barcocasa.pt\\\/fr\\\/termes-condition\\\/\"]}]},{\"@type\":\"BreadcrumbList\",\"@id\":\"https:\\\/\\\/www.barcocasa.pt\\\/fr\\\/termes-condition\\\/#breadcrumb\",\"itemListElement\":[{\"@type\":\"ListItem\",\"position\":1,\"name\":\"In\u00edcio\",\"item\":\"https:\\\/\\\/www.barcocasa.pt\\\/fr\\\/\"},{\"@type\":\"ListItem\",\"position\":2,\"name\":\"Termes &#038; Condition\"}]},{\"@type\":\"WebSite\",\"@id\":\"https:\\\/\\\/www.barcocasa.pt\\\/pt-pt\\\/#website\",\"url\":\"https:\\\/\\\/www.barcocasa.pt\\\/pt-pt\\\/\",\"name\":\"Barco Casa\",\"description\":\"F&eacute;rias em pleno para&iacute;so da Ria Formosa\",\"potentialAction\":[{\"@type\":\"SearchAction\",\"target\":{\"@type\":\"EntryPoint\",\"urlTemplate\":\"https:\\\/\\\/www.barcocasa.pt\\\/pt-pt\\\/?s={search_term_string}\"},\"query-input\":{\"@type\":\"PropertyValueSpecification\",\"valueRequired\":true,\"valueName\":\"search_term_string\"}}],\"inLanguage\":\"fr-FR\"}]}<\/script>\n<!-- \/ Yoast SEO plugin. -->","yoast_head_json":{"title":"Termes & Condition - Barco Casa","robots":{"index":"index","follow":"follow","max-snippet":"max-snippet:-1","max-image-preview":"max-image-preview:large","max-video-preview":"max-video-preview:-1"},"canonical":"https:\/\/www.barcocasa.pt\/fr\/termes-condition\/","og_locale":"fr_FR","og_type":"article","og_title":"Termes & Condition - Barco Casa","og_description":"[vc_row type=\u00a0\u00bbfull_width_background\u00a0\u00bb full_screen_row_position=\u00a0\u00bbmiddle\u00a0\u00bb bg_image=\u00a0\u00bb7118&Prime; bg_position=\u00a0\u00bbcenter bottom\u00a0\u00bb bg_repeat=\u00a0\u00bbno-repeat\u00a0\u00bb scene_position=\u00a0\u00bbcenter\u00a0\u00bb text_color=\u00a0\u00bblight\u00a0\u00bb text_align=\u00a0\u00bbleft\u00a0\u00bb color_overlay=\u00a0\u00bb#000000&Prime; overlay_strength=\u00a0\u00bb0.3&Prime; shape_divider_position=\u00a0\u00bbbottom\u00a0\u00bb shape_type=\u00a0\u00bb\u00a0\u00bb][vc_column column_padding=\u00a0\u00bbno-extra-padding\u00a0\u00bb column_padding_position=\u00a0\u00bball\u00a0\u00bb background_color_opacity=\u00a0\u00bb1&Prime; background_hover_color_opacity=\u00a0\u00bb1&Prime; column_shadow=\u00a0\u00bbnone\u00a0\u00bb column_border_radius=\u00a0\u00bbnone\u00a0\u00bb width=\u00a0\u00bb1\/1&Prime; tablet_text_alignment=\u00a0\u00bbdefault\u00a0\u00bb phone_text_alignment=\u00a0\u00bbdefault\u00a0\u00bb column_border_width=\u00a0\u00bbnone\u00a0\u00bb column_border_style=\u00a0\u00bbsolid\u00a0\u00bb][divider line_type=\u00a0\u00bbNo Line\u00a0\u00bb custom_height=\u00a0\u00bb180&Prime;][divider line_type=\u00a0\u00bbSmall Line\u00a0\u00bb line_thickness=\u00a0\u00bb4&Prime; divider_color=\u00a0\u00bbextra-color-1&Prime; animate=\u00a0\u00bbyes\u00a0\u00bb custom_height=\u00a0\u00bb40&Prime; custom_line_width=\u00a0\u00bb70&Prime; delay=\u00a0\u00bb200&Prime;][vc_custom_heading text=\u00a0\u00bbTermes &amp; Condition\u00a0\u00bb font_container=\u00a0\u00bbtag:h4|font_size:60|text_align:left|color:%23ffffff|line_height:1.3&Prime;...","og_url":"https:\/\/www.barcocasa.pt\/fr\/termes-condition\/","og_site_name":"Barco Casa","article_modified_time":"2024-09-13T11:18:43+00:00","twitter_card":"summary_large_image","twitter_misc":{"Dur\u00e9e de lecture estim\u00e9e":"6 minutes"},"schema":{"@context":"https:\/\/schema.org","@graph":[{"@type":"WebPage","@id":"https:\/\/www.barcocasa.pt\/fr\/termes-condition\/","url":"https:\/\/www.barcocasa.pt\/fr\/termes-condition\/","name":"Termes & Condition - Barco Casa","isPartOf":{"@id":"https:\/\/www.barcocasa.pt\/pt-pt\/#website"},"datePublished":"2018-03-13T21:10:30+00:00","dateModified":"2024-09-13T11:18:43+00:00","breadcrumb":{"@id":"https:\/\/www.barcocasa.pt\/fr\/termes-condition\/#breadcrumb"},"inLanguage":"fr-FR","potentialAction":[{"@type":"ReadAction","target":["https:\/\/www.barcocasa.pt\/fr\/termes-condition\/"]}]},{"@type":"BreadcrumbList","@id":"https:\/\/www.barcocasa.pt\/fr\/termes-condition\/#breadcrumb","itemListElement":[{"@type":"ListItem","position":1,"name":"In\u00edcio","item":"https:\/\/www.barcocasa.pt\/fr\/"},{"@type":"ListItem","position":2,"name":"Termes &#038; Condition"}]},{"@type":"WebSite","@id":"https:\/\/www.barcocasa.pt\/pt-pt\/#website","url":"https:\/\/www.barcocasa.pt\/pt-pt\/","name":"Barco Casa","description":"F&eacute;rias em pleno para&iacute;so da Ria Formosa","potentialAction":[{"@type":"SearchAction","target":{"@type":"EntryPoint","urlTemplate":"https:\/\/www.barcocasa.pt\/pt-pt\/?s={search_term_string}"},"query-input":{"@type":"PropertyValueSpecification","valueRequired":true,"valueName":"search_term_string"}}],"inLanguage":"fr-FR"}]}},"_links":{"self":[{"href":"https:\/\/www.barcocasa.pt\/fr\/wp-json\/wp\/v2\/pages\/7635","targetHints":{"allow":["GET"]}}],"collection":[{"href":"https:\/\/www.barcocasa.pt\/fr\/wp-json\/wp\/v2\/pages"}],"about":[{"href":"https:\/\/www.barcocasa.pt\/fr\/wp-json\/wp\/v2\/types\/page"}],"author":[{"embeddable":true,"href":"https:\/\/www.barcocasa.pt\/fr\/wp-json\/wp\/v2\/users\/1"}],"replies":[{"embeddable":true,"href":"https:\/\/www.barcocasa.pt\/fr\/wp-json\/wp\/v2\/comments?post=7635"}],"version-history":[{"count":4,"href":"https:\/\/www.barcocasa.pt\/fr\/wp-json\/wp\/v2\/pages\/7635\/revisions"}],"predecessor-version":[{"id":8618,"href":"https:\/\/www.barcocasa.pt\/fr\/wp-json\/wp\/v2\/pages\/7635\/revisions\/8618"}],"wp:attachment":[{"href":"https:\/\/www.barcocasa.pt\/fr\/wp-json\/wp\/v2\/media?parent=7635"}],"curies":[{"name":"wp","href":"https:\/\/api.w.org\/{rel}","templated":true}]}}